{"id":10,"date":"2026-01-02T09:46:34","date_gmt":"2026-01-02T09:46:34","guid":{"rendered":"https:\/\/gemmasmoda.rkinformatika.online\/?page_id=10"},"modified":"2026-01-02T12:22:42","modified_gmt":"2026-01-02T12:22:42","slug":"inicio","status":"publish","type":"page","link":"https:\/\/gemmasmoda.es\/en\/","title":{"rendered":"Home"},"content":{"rendered":"<div data-elementor-type=\"wp-page\" data-elementor-id=\"10\" class=\"elementor elementor-10\" data-elementor-post-type=\"page\">\n\t\t\t\t<div class=\"elementor-element elementor-element-bb9d656 e-flex e-con-boxed elementor-invisible e-con e-parent\" data-id=\"bb9d656\" data-element_type=\"container\" data-e-type=\"container\" data-settings=\"{&quot;background_background&quot;:&quot;classic&quot;,&quot;shape_divider_top&quot;:&quot;zigzag&quot;,&quot;shape_divider_bottom&quot;:&quot;mountains&quot;,&quot;animation&quot;:&quot;fadeInDown&quot;}\">\n\t\t\t\t\t<div class=\"e-con-inner\">\n\t\t\t\t<div class=\"elementor-shape elementor-shape-top\" aria-hidden=\"true\" data-negative=\"false\">\n\t\t\t<svg xmlns=\"http:\/\/www.w3.org\/2000\/svg\" viewbox=\"0 0 1800 5.8\" preserveaspectratio=\"none\">\n  <path class=\"elementor-shape-fill\" d=\"M5.4.4l5.4 5.3L16.5.4l5.4 5.3L27.5.4 33 5.7 38.6.4l5.5 5.4h.1L49.9.4l5.4 5.3L60.9.4l5.5 5.3L72 .4l5.5 5.3L83.1.4l5.4 5.3L94.1.4l5.5 5.4h.2l5.6-5.4 5.5 5.3 5.6-5.3 5.4 5.3 5.6-5.3 5.5 5.3 5.6-5.3 5.5 5.4h.2l5.6-5.4 5.4 5.3L161 .4l5.4 5.3L172 .4l5.5 5.3 5.6-5.3 5.4 5.3 5.7-5.3 5.4 5.4h.2l5.6-5.4 5.5 5.3 5.6-5.3 5.5 5.3 5.6-5.3 5.4 5.3 5.6-5.3 5.5 5.4h.2l5.6-5.4 5.5 5.3L261 .4l5.4 5.3L272 .4l5.5 5.3 5.6-5.3 5.5 5.3 5.6-5.3 5.5 5.4h.1l5.7-5.4 5.4 5.3 5.6-5.3 5.5 5.3 5.6-5.3 5.4 5.3 5.7-5.3 5.4 5.4h.2l5.6-5.4 5.5 5.3L361 .4l5.5 5.3 5.6-5.3 5.4 5.3 5.6-5.3 5.5 5.3 5.6-5.3 5.5 5.4h.1l5.7-5.4 5.4 5.3 5.6-5.3 5.5 5.3 5.6-5.3 5.5 5.3 5.6-5.3 5.5 5.4h.1l5.6-5.4 5.5 5.3L461 .4l5.5 5.3 5.6-5.3 5.4 5.3 5.7-5.3 5.4 5.3 5.6-5.3 5.5 5.4h.2l5.6-5.4 5.5 5.3 5.6-5.3 5.4 5.3 5.6-5.3 5.5 5.3 5.6-5.3 5.5 5.4h.1L550 .4l5.4 5.3L561 .4l5.5 5.3 5.6-5.3 5.5 5.3 5.6-5.3 5.4 5.3 5.6-5.3 5.5 5.4h.2l5.6-5.4 5.5 5.3 5.6-5.3 5.4 5.3 5.7-5.3 5.4 5.3 5.6-5.3 5.5 5.4h.2L650 .4l5.5 5.3 5.6-5.3 5.4 5.3 5.6-5.3 5.5 5.3 5.6-5.3 5.5 5.3 5.6-5.3 5.4 5.4h.2l5.6-5.4 5.5 5.3 5.6-5.3 5.5 5.3 5.6-5.3 5.4 5.3 5.6-5.3 5.5 5.4h.2L750 .4l5.5 5.3 5.6-5.3 5.4 5.3 5.7-5.3 5.4 5.3 5.6-5.3 5.5 5.3 5.6-5.3 5.5 5.4h.1l5.7-5.4 5.4 5.3 5.6-5.3 5.5 5.3 5.6-5.3 5.5 5.3 5.6-5.3 5.4 5.4h.2L850 .4l5.5 5.3 5.6-5.3 5.5 5.3 5.6-5.3 5.4 5.3 5.6-5.3 5.5 5.3 5.6-5.3 5.5 5.4h.2l5.6-5.4 5.4 5.3 5.7-5.3 5.4 5.3 5.6-5.3 5.5 5.3 5.6-5.3 5.5 5.4h.1l5.7-5.4 5.4 5.3 5.6-5.3 5.5 5.3 5.6-5.3 5.5 5.3 5.6-5.3 5.4 5.3 5.6-5.3 5.5 5.4h.2l5.6-5.4 5.5 5.3 5.6-5.3 5.4 5.3 5.6-5.3 5.5 5.3 5.6-5.3 5.5 5.4h.2l5.6-5.4 5.4 5.3 5.7-5.3 5.4 5.3 5.6-5.3 5.5 5.3 5.6-5.3 5.5 5.3 5.6-5.3 5.4 5.4h.2l5.6-5.4 5.5 5.3 5.6-5.3 5.5 5.3 5.6-5.3 5.4 5.3 5.6-5.3 5.5 5.4h.2l5.6-5.4 5.5 5.3 5.6-5.3 5.4 5.3 5.6-5.3 5.5 5.3 5.6-5.3 5.5 5.3 5.6-5.3 5.5 5.4h.1l5.7-5.4 5.4 5.3 5.6-5.3 5.5 5.3 5.6-5.3 5.5 5.3 5.6-5.3 5.4 5.4h.2l5.6-5.4 5.5 5.3 5.6-5.3 5.5 5.3 5.6-5.3 5.4 5.3 5.6-5.3 5.5 5.3 5.6-5.3 5.5 5.4h.2l5.6-5.4 5.4 5.3 5.6-5.3 5.5 5.3 5.6-5.3 5.5 5.3 5.6-5.3 5.5 5.4h.1l5.7-5.4 5.4 5.3 5.6-5.3 5.5 5.3 5.6-5.3 5.5 5.3 5.6-5.3 5.4 5.3 5.6-5.3 5.5 5.4h.2l5.6-5.4 5.5 5.3 5.6-5.3 5.4 5.3 5.6-5.3 5.5 5.3 5.6-5.3 5.5 5.4h.2l5.6-5.4 5.4 5.3 5.6-5.3 5.5 5.3 5.6-5.3 5.5 5.3 5.6-5.3 5.4 5.3 5.7-5.3 5.4 5.4h.2l5.6-5.4 5.5 5.3 5.6-5.3 5.5 5.3 5.6-5.3 5.4 5.3 5.6-5.3 5.5 5.4h.2l5.6-5.4 5.5 5.3 5.6-5.3 5.4 5.3 5.6-5.3 5.5 5.3 5.6-5.3 5.5 5.3 5.6-5.3 5.5 5.4h.1l5.6-5.4 5.5 5.3 5.6-5.3 5.5 5.3 5.6-5.3 5.4 5.3 5.7-5.3 5.4 5.4h.2l5.6-5.4 5.5 5.3 5.6-5.3 5.5 5.3 5.6-5.3 5.4 5.3 5.6-5.3 5.5 5.3 5.6-5.3 5.5 5.4h.1l5.7-5.4 5.4 5.3 5.6-5.3 5.5 5.3 5.6-5.3 5.5 5.3 5.6-5.3 5.5 5.4h.1l5.6-5.4 5.5 5.3 5.6-5.3 5.5 5.3 5.6-5.3 5.4 5.3 5.7-5.3 5.4 5.3 5.6-5.3 5.5 5.4V0H-.2v5.8z\"\/>\n<\/svg>\n\t\t<\/div>\n\t\t\t\t<div class=\"elementor-shape elementor-shape-bottom\" aria-hidden=\"true\" data-negative=\"false\">\n\t\t\t<svg xmlns=\"http:\/\/www.w3.org\/2000\/svg\" viewbox=\"0 0 1000 100\" preserveaspectratio=\"none\">\n\t<path class=\"elementor-shape-fill\" opacity=\"0.33\" d=\"M473,67.3c-203.9,88.3-263.1-34-320.3,0C66,119.1,0,59.7,0,59.7V0h1000v59.7 c0,0-62.1,26.1-94.9,29.3c-32.8,3.3-62.8-12.3-75.8-22.1C806,49.6,745.3,8.7,694.9,4.7S492.4,59,473,67.3z\"\/>\n\t<path class=\"elementor-shape-fill\" opacity=\"0.66\" d=\"M734,67.3c-45.5,0-77.2-23.2-129.1-39.1c-28.6-8.7-150.3-10.1-254,39.1 s-91.7-34.4-149.2,0C115.7,118.3,0,39.8,0,39.8V0h1000v36.5c0,0-28.2-18.5-92.1-18.5C810.2,18.1,775.7,67.3,734,67.3z\"\/>\n\t<path class=\"elementor-shape-fill\" d=\"M766.1,28.9c-200-57.5-266,65.5-395.1,19.5C242,1.8,242,5.4,184.8,20.6C128,35.8,132.3,44.9,89.9,52.5C28.6,63.7,0,0,0,0 h1000c0,0-9.9,40.9-83.6,48.1S829.6,47,766.1,28.9z\"\/>\n<\/svg>\t\t<\/div>\n\t\t\t\t\t<\/div>\n\t\t\t\t<\/div>\n\t\t<div class=\"elementor-element elementor-element-4f509cc e-flex e-con-boxed e-con e-parent\" data-id=\"4f509cc\" data-element_type=\"container\" data-e-type=\"container\">\n\t\t\t\t\t<div class=\"e-con-inner\">\n\t\t<div class=\"elementor-element elementor-element-4f14d44 e-con-full e-flex elementor-invisible e-con e-child\" data-id=\"4f14d44\" data-element_type=\"container\" data-e-type=\"container\" data-settings=\"{&quot;animation&quot;:&quot;fadeInUp&quot;}\">\n\t\t\t\t<div class=\"elementor-element elementor-element-df90c3b elementor-widget__width-initial elementor-widget elementor-widget-image\" data-id=\"df90c3b\" data-element_type=\"widget\" data-e-type=\"widget\" data-widget_type=\"image.default\">\n\t\t\t\t\t\t\t\t\t\t\t\t\t\t\t<img fetchpriority=\"high\" decoding=\"async\" width=\"309\" height=\"500\" src=\"https:\/\/gemmasmoda.es\/wp-content\/uploads\/2026\/01\/Diseno-sin-titulo-1.png\" class=\"attachment-full size-full wp-image-135\" alt=\"\" srcset=\"https:\/\/gemmasmoda.es\/wp-content\/uploads\/2026\/01\/Diseno-sin-titulo-1.png 309w, https:\/\/gemmasmoda.es\/wp-content\/uploads\/2026\/01\/Diseno-sin-titulo-1-185x300.png 185w, https:\/\/gemmasmoda.es\/wp-content\/uploads\/2026\/01\/Diseno-sin-titulo-1-7x12.png 7w\" sizes=\"(max-width: 309px) 100vw, 309px\" \/>\t\t\t\t\t\t\t\t\t\t\t\t\t\t\t<\/div>\n\t\t\t\t<\/div>\n\t\t<div class=\"elementor-element elementor-element-f94600d e-con-full e-flex elementor-invisible e-con e-child\" data-id=\"f94600d\" data-element_type=\"container\" data-e-type=\"container\" data-settings=\"{&quot;background_background&quot;:&quot;classic&quot;,&quot;animation&quot;:&quot;fadeInDown&quot;}\">\n\t\t\t\t<div class=\"elementor-element elementor-element-3ad9ca3 elementor-widget elementor-widget-heading\" data-id=\"3ad9ca3\" data-element_type=\"widget\" data-e-type=\"widget\" data-widget_type=\"heading.default\">\n\t\t\t\t\t<h2 class=\"elementor-heading-title elementor-size-default\">About Us<\/h2>\t\t\t\t<\/div>\n\t\t\t\t<div class=\"elementor-element elementor-element-025c9d8 elementor-widget elementor-widget-text-editor\" data-id=\"025c9d8\" data-element_type=\"widget\" data-e-type=\"widget\" data-widget_type=\"text-editor.default\">\n\t\t\t\t\t\t\t\t\t<p>At Gemmas Modas, we are a women's fashion retailer with over 11 years of experience in the industry. We specialize in offering affordable clothing and fashion accessories, focusing on a wide variety of styles, trends, and sizes, because we firmly believe that fashion has no limits or size restrictions.<\/p><p>Our main goal is to provide personalized and attentive service, helping each client find the perfect garments to suit their style, personality, and comfort. We offer a wide selection of designs, including trousers, shirts, t-shirts, dresses, sweaters, coats, and a carefully curated collection of accessories such as handbags and jewelry.<\/p><p>Hemos crecido gracias a la confianza y fidelidad de nuestras clientas, manteniendo siempre una atenci\u00f3n personalizada y el buen gusto como nuestra se\u00f1a de identidad. En Gemmas Modas, cada visita es una experiencia pensada para que te sientas c\u00f3moda, segura y t\u00fa misma.<\/p>\t\t\t\t\t\t\t\t<\/div>\n\t\t\t\t<\/div>\n\t\t\t\t\t<\/div>\n\t\t\t\t<\/div>\n\t\t<div class=\"elementor-element elementor-element-180ee51 e-con-full e-flex e-con e-parent\" data-id=\"180ee51\" data-element_type=\"container\" data-e-type=\"container\" data-settings=\"{&quot;background_background&quot;:&quot;classic&quot;}\">\n\t\t\t\t<div class=\"elementor-element elementor-element-25fec52 elementor-cta--skin-cover elementor-animated-content elementor-bg-transform elementor-bg-transform-zoom-in elementor-widget elementor-widget-call-to-action\" data-id=\"25fec52\" data-element_type=\"widget\" data-e-type=\"widget\" data-widget_type=\"call-to-action.default\">\n\t\t\t\t\t\t\t<div class=\"elementor-cta\">\n\t\t\t\t\t<div class=\"elementor-cta__bg-wrapper\">\n\t\t\t\t<div class=\"elementor-cta__bg elementor-bg\" style=\"background-image: url();\" role=\"img\" aria-label=\"\"><\/div>\n\t\t\t\t<div class=\"elementor-cta__bg-overlay\"><\/div>\n\t\t\t<\/div>\n\t\t\t\t\t\t\t<div class=\"elementor-cta__content\">\n\t\t\t\t\n\t\t\t\t\t\t\t\t\t<h2 class=\"elementor-cta__title elementor-cta__content-item elementor-content-item elementor-animated-item--grow\">\n\t\t\t\t\t\tWomen's fashion with personalized attention and good taste.\t\t\t\t\t<\/h2>\n\t\t\t\t\n\t\t\t\t\n\t\t\t\t\t\t\t\t\t<div class=\"elementor-cta__button-wrapper elementor-cta__content-item elementor-content-item elementor-animated-item--grow\">\n\t\t\t\t\t<a class=\"elementor-cta__button elementor-button elementor-size-\" href=\"https:\/\/gemmasmoda.es\/en\/productos\/\">\n\t\t\t\t\t\tProducts\t\t\t\t\t<\/a>\n\t\t\t\t\t<\/div>\n\t\t\t\t\t\t\t<\/div>\n\t\t\t\t\t\t<\/div>\n\t\t\t\t\t\t<\/div>\n\t\t\t\t<\/div>\n\t\t\t\t<\/div>","protected":false},"excerpt":{"rendered":"<p>Sobre Nosotros En Gemmas Modas somos un comercio minorista de moda femenina con m\u00e1s de 11 a\u00f1os de experiencia en el sector. Nos dedicamos a ofrecer ropa y accesorios de moda low cost, apostando por la variedad de estilos, tendencias y tallas, porque creemos firmemente que la moda no tiene l\u00edmites ni tallas. Nuestro principal [&hellip;]<\/p>\n","protected":false},"author":1,"featured_media":0,"parent":0,"menu_order":0,"comment_status":"closed","ping_status":"closed","template":"elementor_canvas","meta":{"footnotes":""},"class_list":["post-10","page","type-page","status-publish","hentry"],"yoast_head":"<!-- This site is optimized with the Yoast SEO plugin v27.4 - https:\/\/yoast.com\/product\/yoast-seo-wordpress\/ -->\n<title>Inicio - Gemmas Modas<\/title>\n<meta name=\"robots\" content=\"index, follow, max-snippet:-1, max-image-preview:large, max-video-preview:-1\" \/>\n<link rel=\"canonical\" href=\"https:\/\/gemmasmoda.es\/en\/\" \/>\n<meta property=\"og:locale\" content=\"en_GB\" \/>\n<meta property=\"og:type\" content=\"article\" \/>\n<meta property=\"og:title\" content=\"Inicio - Gemmas Modas\" \/>\n<meta property=\"og:description\" content=\"Sobre Nosotros En Gemmas Modas somos un comercio minorista de moda femenina con m\u00e1s de 11 a\u00f1os de experiencia en el sector. Nos dedicamos a ofrecer ropa y accesorios de moda low cost, apostando por la variedad de estilos, tendencias y tallas, porque creemos firmemente que la moda no tiene l\u00edmites ni tallas. Nuestro principal [&hellip;]\" \/>\n<meta property=\"og:url\" content=\"https:\/\/gemmasmoda.es\/en\/\" \/>\n<meta property=\"og:site_name\" content=\"Gemmas Modas\" \/>\n<meta property=\"article:modified_time\" content=\"2026-01-02T12:22:42+00:00\" \/>\n<meta property=\"og:image\" content=\"https:\/\/gemmasmoda.es\/wp-content\/uploads\/2026\/01\/Diseno-sin-titulo-1.png\" \/>\n<meta name=\"twitter:card\" content=\"summary_large_image\" \/>\n<meta name=\"twitter:label1\" content=\"Estimated reading time\" \/>\n\t<meta name=\"twitter:data1\" content=\"1 minute\" \/>\n<script type=\"application\/ld+json\" class=\"yoast-schema-graph\">{\"@context\":\"https:\\\/\\\/schema.org\",\"@graph\":[{\"@type\":\"WebPage\",\"@id\":\"https:\\\/\\\/gemmasmoda.es\\\/\",\"url\":\"https:\\\/\\\/gemmasmoda.es\\\/\",\"name\":\"Inicio - Gemmas Modas\",\"isPartOf\":{\"@id\":\"https:\\\/\\\/gemmasmoda.es\\\/#website\"},\"primaryImageOfPage\":{\"@id\":\"https:\\\/\\\/gemmasmoda.es\\\/#primaryimage\"},\"image\":{\"@id\":\"https:\\\/\\\/gemmasmoda.es\\\/#primaryimage\"},\"thumbnailUrl\":\"https:\\\/\\\/gemmasmoda.es\\\/wp-content\\\/uploads\\\/2026\\\/01\\\/Diseno-sin-titulo-1.png\",\"datePublished\":\"2026-01-02T09:46:34+00:00\",\"dateModified\":\"2026-01-02T12:22:42+00:00\",\"breadcrumb\":{\"@id\":\"https:\\\/\\\/gemmasmoda.es\\\/#breadcrumb\"},\"inLanguage\":\"en-GB\",\"potentialAction\":[{\"@type\":\"ReadAction\",\"target\":[\"https:\\\/\\\/gemmasmoda.es\\\/\"]}]},{\"@type\":\"ImageObject\",\"inLanguage\":\"en-GB\",\"@id\":\"https:\\\/\\\/gemmasmoda.es\\\/#primaryimage\",\"url\":\"https:\\\/\\\/gemmasmoda.es\\\/wp-content\\\/uploads\\\/2026\\\/01\\\/Diseno-sin-titulo-1.png\",\"contentUrl\":\"https:\\\/\\\/gemmasmoda.es\\\/wp-content\\\/uploads\\\/2026\\\/01\\\/Diseno-sin-titulo-1.png\"},{\"@type\":\"BreadcrumbList\",\"@id\":\"https:\\\/\\\/gemmasmoda.es\\\/#breadcrumb\",\"itemListElement\":[{\"@type\":\"ListItem\",\"position\":1,\"name\":\"Portada\",\"item\":\"https:\\\/\\\/gemmasmoda.es\\\/\"},{\"@type\":\"ListItem\",\"position\":2,\"name\":\"Inicio\"}]},{\"@type\":\"WebSite\",\"@id\":\"https:\\\/\\\/gemmasmoda.es\\\/#website\",\"url\":\"https:\\\/\\\/gemmasmoda.es\\\/\",\"name\":\"Gemmas Modas\",\"description\":\"art\u00edculos de vestir\",\"publisher\":{\"@id\":\"https:\\\/\\\/gemmasmoda.es\\\/#organization\"},\"potentialAction\":[{\"@type\":\"SearchAction\",\"target\":{\"@type\":\"EntryPoint\",\"urlTemplate\":\"https:\\\/\\\/gemmasmoda.es\\\/?s={search_term_string}\"},\"query-input\":{\"@type\":\"PropertyValueSpecification\",\"valueRequired\":true,\"valueName\":\"search_term_string\"}}],\"inLanguage\":\"en-GB\"},{\"@type\":\"Organization\",\"@id\":\"https:\\\/\\\/gemmasmoda.es\\\/#organization\",\"name\":\"Gemmas Modas\",\"url\":\"https:\\\/\\\/gemmasmoda.es\\\/\",\"logo\":{\"@type\":\"ImageObject\",\"inLanguage\":\"en-GB\",\"@id\":\"https:\\\/\\\/gemmasmoda.es\\\/#\\\/schema\\\/logo\\\/image\\\/\",\"url\":\"https:\\\/\\\/gemmasmoda.es\\\/wp-content\\\/uploads\\\/2026\\\/01\\\/cropped-gemmasmoda202510_logo_web.png\",\"contentUrl\":\"https:\\\/\\\/gemmasmoda.es\\\/wp-content\\\/uploads\\\/2026\\\/01\\\/cropped-gemmasmoda202510_logo_web.png\",\"width\":1080,\"height\":488,\"caption\":\"Gemmas Modas\"},\"image\":{\"@id\":\"https:\\\/\\\/gemmasmoda.es\\\/#\\\/schema\\\/logo\\\/image\\\/\"}}]}<\/script>\n<!-- \/ Yoast SEO plugin. -->","yoast_head_json":{"title":"Inicio - Gemmas Modas","robots":{"index":"index","follow":"follow","max-snippet":"max-snippet:-1","max-image-preview":"max-image-preview:large","max-video-preview":"max-video-preview:-1"},"canonical":"https:\/\/gemmasmoda.es\/en\/","og_locale":"en_GB","og_type":"article","og_title":"Inicio - Gemmas Modas","og_description":"Sobre Nosotros En Gemmas Modas somos un comercio minorista de moda femenina con m\u00e1s de 11 a\u00f1os de experiencia en el sector. Nos dedicamos a ofrecer ropa y accesorios de moda low cost, apostando por la variedad de estilos, tendencias y tallas, porque creemos firmemente que la moda no tiene l\u00edmites ni tallas. Nuestro principal [&hellip;]","og_url":"https:\/\/gemmasmoda.es\/en\/","og_site_name":"Gemmas Modas","article_modified_time":"2026-01-02T12:22:42+00:00","og_image":[{"url":"https:\/\/gemmasmoda.es\/wp-content\/uploads\/2026\/01\/Diseno-sin-titulo-1.png","type":"","width":"","height":""}],"twitter_card":"summary_large_image","twitter_misc":{"Estimated reading time":"1 minute"},"schema":{"@context":"https:\/\/schema.org","@graph":[{"@type":"WebPage","@id":"https:\/\/gemmasmoda.es\/","url":"https:\/\/gemmasmoda.es\/","name":"Inicio - Gemmas Modas","isPartOf":{"@id":"https:\/\/gemmasmoda.es\/#website"},"primaryImageOfPage":{"@id":"https:\/\/gemmasmoda.es\/#primaryimage"},"image":{"@id":"https:\/\/gemmasmoda.es\/#primaryimage"},"thumbnailUrl":"https:\/\/gemmasmoda.es\/wp-content\/uploads\/2026\/01\/Diseno-sin-titulo-1.png","datePublished":"2026-01-02T09:46:34+00:00","dateModified":"2026-01-02T12:22:42+00:00","breadcrumb":{"@id":"https:\/\/gemmasmoda.es\/#breadcrumb"},"inLanguage":"en-GB","potentialAction":[{"@type":"ReadAction","target":["https:\/\/gemmasmoda.es\/"]}]},{"@type":"ImageObject","inLanguage":"en-GB","@id":"https:\/\/gemmasmoda.es\/#primaryimage","url":"https:\/\/gemmasmoda.es\/wp-content\/uploads\/2026\/01\/Diseno-sin-titulo-1.png","contentUrl":"https:\/\/gemmasmoda.es\/wp-content\/uploads\/2026\/01\/Diseno-sin-titulo-1.png"},{"@type":"BreadcrumbList","@id":"https:\/\/gemmasmoda.es\/#breadcrumb","itemListElement":[{"@type":"ListItem","position":1,"name":"Portada","item":"https:\/\/gemmasmoda.es\/"},{"@type":"ListItem","position":2,"name":"Inicio"}]},{"@type":"WebSite","@id":"https:\/\/gemmasmoda.es\/#website","url":"https:\/\/gemmasmoda.es\/","name":"Gemmas Modas","description":"art\u00edculos de vestir","publisher":{"@id":"https:\/\/gemmasmoda.es\/#organization"},"potentialAction":[{"@type":"SearchAction","target":{"@type":"EntryPoint","urlTemplate":"https:\/\/gemmasmoda.es\/?s={search_term_string}"},"query-input":{"@type":"PropertyValueSpecification","valueRequired":true,"valueName":"search_term_string"}}],"inLanguage":"en-GB"},{"@type":"Organization","@id":"https:\/\/gemmasmoda.es\/#organization","name":"Gemmas Modas","url":"https:\/\/gemmasmoda.es\/","logo":{"@type":"ImageObject","inLanguage":"en-GB","@id":"https:\/\/gemmasmoda.es\/#\/schema\/logo\/image\/","url":"https:\/\/gemmasmoda.es\/wp-content\/uploads\/2026\/01\/cropped-gemmasmoda202510_logo_web.png","contentUrl":"https:\/\/gemmasmoda.es\/wp-content\/uploads\/2026\/01\/cropped-gemmasmoda202510_logo_web.png","width":1080,"height":488,"caption":"Gemmas Modas"},"image":{"@id":"https:\/\/gemmasmoda.es\/#\/schema\/logo\/image\/"}}]}},"_links":{"self":[{"href":"https:\/\/gemmasmoda.es\/en\/wp-json\/wp\/v2\/pages\/10","targetHints":{"allow":["GET"]}}],"collection":[{"href":"https:\/\/gemmasmoda.es\/en\/wp-json\/wp\/v2\/pages"}],"about":[{"href":"https:\/\/gemmasmoda.es\/en\/wp-json\/wp\/v2\/types\/page"}],"author":[{"embeddable":true,"href":"https:\/\/gemmasmoda.es\/en\/wp-json\/wp\/v2\/users\/1"}],"replies":[{"embeddable":true,"href":"https:\/\/gemmasmoda.es\/en\/wp-json\/wp\/v2\/comments?post=10"}],"version-history":[{"count":25,"href":"https:\/\/gemmasmoda.es\/en\/wp-json\/wp\/v2\/pages\/10\/revisions"}],"predecessor-version":[{"id":159,"href":"https:\/\/gemmasmoda.es\/en\/wp-json\/wp\/v2\/pages\/10\/revisions\/159"}],"wp:attachment":[{"href":"https:\/\/gemmasmoda.es\/en\/wp-json\/wp\/v2\/media?parent=10"}],"curies":[{"name":"wp","href":"https:\/\/api.w.org\/{rel}","templated":true}]}}